{"id":9087,"date":"2022-05-25T12:31:25","date_gmt":"2022-05-25T12:31:25","guid":{"rendered":"https:\/\/northcyprusestate.com\/?page_id=9087"},"modified":"2022-05-26T08:47:53","modified_gmt":"2022-05-26T08:47:53","slug":"yatirim-ve-ortaklik","status":"publish","type":"page","link":"https:\/\/northcyprusestate.com\/tr\/yatirim-ve-ortaklik\/","title":{"rendered":"Yat\u0131r\u0131m ve Ortakl\u0131k"},"content":{"rendered":"\n<h2 class=\"wp-block-heading\">Yat\u0131r\u0131m ve Ortakl\u0131k<\/h2>\n\n\n\n<p><strong>Kuzey K\u0131br\u0131s T\u00fcrk Cumhuriyetinde yat\u0131r\u0131m olanaklar\u0131<\/strong><br>K.K.T.C Do\u011fu akdenizde yat\u0131r\u0131m yapmaya en uygun noktada olan adad\u0131r,Turizm ve emlak sekt\u00f6rleri i\u00e7in paha bi\u00e7ilmez g\u00fczellikte, 7-8 ay yaz ikliminin ya\u015fand\u0131\u011f\u0131 , her y\u00f6n\u00fc ile \u00e7ok iyi bir ya\u015fam merkezi haline gelmi\u015ftir.\u00dclkemiz \u00fczerinde olan t\u00fcm siyasi, politik problemlere ambargolara ra\u011fmen, b\u00fcg\u00fcn engellenemez ve \u00f6n\u00fcne ge\u00e7ilemez bir \u015fekilde y\u00fckseli\u015fle; Turizm, emlak, e\u011fitim sekt\u00f6rleri ba\u015fta olmak \u00fczere \u00e7ok b\u00fcy\u00fck at\u0131l\u0131mlar ger\u00e7ekle\u015ftirilmi\u015ftir.<\/p>\n\n\n\n<p>Devlet politikas\u0131 olarak yerli yabanc\u0131 yat\u0131r\u0131mc\u0131lara \u00e7ok \u00f6zel yat\u0131r\u0131m f\u0131rsatlar\u0131 sunulmaktad\u0131r.<\/p>\n\n\n\n<p>Bu Yat\u0131r\u0131m f\u0131rsatlar\u0131n\u0131 ve olanaklar\u0131n\u0131 ortak yat\u0131r\u0131mc\u0131lar\u0131m\u0131za do\u011fru bir ivmede ula\u015ft\u0131rmak ve zaman-finans ayarlamas\u0131n\u0131 uygun \u015fekilde yaparak yat\u0131r\u0131mlar\u0131n\u0131z sa\u011fl\u0131kl\u0131 ger\u00e7ekle\u015fmesi en \u00f6nemli g\u00f6revimizdir.<\/p>\n\n\n\n<p><strong>2- Grubumuzun Ortak i\u015f anlay\u0131\u015f\u0131:<\/strong><br>K.K.T.C de g\u00fcncel ve pop\u00fcler olan yat\u0131r\u0131m ve finans konular\u0131nda son derece tecr\u00fcbeli kadromuz ile emlak ve in\u015faat alan\u0131nda ortakl\u0131klar\u0131m\u0131z mevcuttur. Emlak yat\u0131r\u0131mlar\u0131nda haz\u0131r ve de\u015fifre olmu\u015f olan \u00fcr\u00fcnler yerine, G\u00fcncel olan ve \u00f6n ara\u015ft\u0131rmalar\u0131 yap\u0131lm\u0131\u015f, maliyet fizibilite raporlar\u0131 haz\u0131rlanm\u0131\u015f, kar marjlar\u0131 hesaplanm\u0131\u015f \u00e7ok kapsaml\u0131 in\u015faat projeleri b\u00fcnyemizde olup yeni yat\u0131r\u0131mc\u0131lar\u0131n\u0131 beklemektedir.<\/p>\n\n\n\n<p>\u0130\u015f olanaklar\u0131m\u0131z \u00fclkemiz kuzey sahili boyunca bir\u00e7ok noktada ; Girne, Karao\u011flano\u011flu, Beylerbeyi, Lapta, Alsancak, Kar\u015f\u0131yaka, Kayalar, do\u011fu taraf\u0131ndan ise \u00c7atalk\u00f6y, Esentepe ve karpaz sahilleri boyunca bir \u00e7ok arsa, arazi \u015firketimiz b\u00fcnyesinde olup Apartman,villa ve turizm yat\u0131r\u0131m\u0131 i\u00e7in \u00e7ok uygun f\u0131rsatlarla gerek yat\u0131r\u0131mc\u0131lar\u0131m\u0131za gerek ortak yat\u0131r\u0131mc\u0131lar\u0131m\u0131z i\u00e7in kontrol\u00fcm\u00fczde bulunmaktad\u0131r.<\/p>\n\n\n\n<p>Ortak i\u015f anlay\u0131\u015f\u0131m\u0131z\u0131n birinci prensibi kazan, kazan felsefesidir. Yat\u0131r\u0131mc\u0131lar\u0131m\u0131za sundu\u011fumuz projelerin i\u00e7erisine kendi grubumuzu dahil ederek ,\u00e7ifli veya \u00e7oklu ortakl\u0131klarla daha b\u00fcy\u00fck projelre girebilmekteyiz, olan deneyim ve tecr\u00fcbemizi ortak ederek, sonu\u00e7 odakl\u0131 yat\u0131r\u0131m f\u0131rsatlar\u0131n\u0131 sunmaktay\u0131z.<\/p>\n\n\n\n<p>\u00d6zellikle emlak ve in\u015faat sekt\u00f6r\u00fcnde b\u00fcg\u00fcne kadar yapt\u0131\u011f\u0131m\u0131z hi\u00e7bir yat\u0131r\u0131mda, ne kendimizi , nede yat\u0131r\u0131mc\u0131 ortaklar\u0131m\u0131z\u0131 zarar ettirmedik.Yapm\u0131\u015f oldu\u011fumuz i\u015fler yapacak oldu\u011fumuz i\u015flerin teminat\u0131 oldu\u011funu bilerek 15 y\u0131ldan beri bu felsefe ile hizmet vermekteyiz.<\/p>\n\n\n\n<p><strong>3- Ortak i\u015f Alanlar\u0131m\u0131z<\/strong><br>Grubumuz b\u00fcnyesinde faaliyet g\u00f6steren ba\u015fta emlak ve in\u015faat \u015firketimiz olmak \u00fczere, Havuz yap\u0131m ve bak\u0131m \u015firketimiz, Oto servis garaj\u0131m\u0131z, Bar-Cafe- Restourantlar\u0131m\u0131z, bulunmaktad\u0131r.<\/p>\n\n\n\n<p>Ortak i\u015f alanlar\u0131m\u0131z b\u00fcnyesinde 2015 y\u0131l\u0131 projelerimiz i\u00e7erisinde e\u011flence sekt\u00f6r\u00fcnde bar, coffe shop, kafeterya vard\u0131r.<\/p>\n\n\n\n<p>Ortak projelerimiz kapsam\u0131nda bu y\u0131l Lefko\u015fa\u2019da aparmant, girnede apartman , Magosada sahil Restourant projemiz ba\u015flam\u0131\u015ft\u0131r.<\/p>\n\n\n\n<p><strong>4-Finans Ortakl\u0131\u011f\u0131<\/strong><br>Bil Giri\u015fimciler, t\u00fcm d\u00fcnyada oldu\u011fu gibi \u00fclkemizde de, i\u015f fikirlerini hayata ge\u00e7irebilmek i\u00e7in gerekli olan finansman kaynaklar\u0131na ula\u015fmakta b\u00fcy\u00fck zorluklar \u00e7ekmektedirler. Deneyimi, yeterli sermayesi veya teminat\u0131 olmayan giri\u015fimcilerin, i\u015fin ba\u015f\u0131nda gerekli olan \u00e7ekirdek ve ba\u015flang\u0131\u00e7 sermayesini veya i\u015flerini b\u00fcy\u00fctmek i\u00e7in gerekli olan ilave sermayeyi banka kaynaklar\u0131n\u0131 kullanarak geleneksel yollardan sa\u011flamalar\u0131 pek m\u00fcmk\u00fcn olamamaktad\u0131r.<\/p>\n\n\n\n<p>Yat\u0131r\u0131m Ortakl\u0131klar\u0131m\u0131z belirlenen proje kapsam\u0131nda yap\u0131lan detayl\u0131 maliyet fizibilite \u00e7al\u0131\u015fmalar\u0131n\u0131n ard\u0131ndan, kurulacak olan yeni \u015firketin hisseleri yap\u0131land\u0131r\u0131ld\u0131ktan sonra kendi i\u015f alan\u0131nda faaliyet g\u00f6stermeye ba\u015flar. Rutin olarak ortakl\u0131k \u015firketleri banka hesaplar\u0131 dahil \u015firketin faaliyetleri hakk\u0131nda ve proje kapsam\u0131nda, ayda bir y\u00f6netim kurulu toplant\u0131s\u0131 yap\u0131l\u0131r.<\/p>\n","protected":false},"excerpt":{"rendered":"<p>Yat\u0131r\u0131m ve Ortakl\u0131k Kuzey K\u0131br\u0131s T\u00fcrk Cumhuriyetinde yat\u0131r\u0131m olanaklar\u0131K.K.T.C Do\u011fu akdenizde yat\u0131r\u0131m yapmaya en uygun noktada olan adad\u0131r,Turizm ve emlak sekt\u00f6rleri i\u00e7in paha bi\u00e7ilmez g\u00fczellikte, 7-8 ay yaz ikliminin ya\u015fand\u0131\u011f\u0131 , her y\u00f6n\u00fc ile \u00e7ok iyi bir ya\u015fam merkezi haline gelmi\u015ftir.\u00dclkemiz \u00fczerinde olan t\u00fcm siyasi, politik problemlere ambargolara ra\u011fmen, b\u00fcg\u00fcn engellenemez ve \u00f6n\u00fcne ge\u00e7ilemez bir&#8230;<\/p>\n","protected":false},"author":1,"featured_media":0,"parent":0,"menu_order":0,"comment_status":"closed","ping_status":"closed","template":"templates\/full-width.php","meta":{"footnotes":""},"class_list":["post-9087","page","type-page","status-publish","hentry"],"_links":{"self":[{"href":"https:\/\/northcyprusestate.com\/tr\/wp-json\/wp\/v2\/pages\/9087","targetHints":{"allow":["GET"]}}],"collection":[{"href":"https:\/\/northcyprusestate.com\/tr\/wp-json\/wp\/v2\/pages"}],"about":[{"href":"https:\/\/northcyprusestate.com\/tr\/wp-json\/wp\/v2\/types\/page"}],"author":[{"embeddable":true,"href":"https:\/\/northcyprusestate.com\/tr\/wp-json\/wp\/v2\/users\/1"}],"replies":[{"embeddable":true,"href":"https:\/\/northcyprusestate.com\/tr\/wp-json\/wp\/v2\/comments?post=9087"}],"version-history":[{"count":1,"href":"https:\/\/northcyprusestate.com\/tr\/wp-json\/wp\/v2\/pages\/9087\/revisions"}],"predecessor-version":[{"id":9088,"href":"https:\/\/northcyprusestate.com\/tr\/wp-json\/wp\/v2\/pages\/9087\/revisions\/9088"}],"wp:attachment":[{"href":"https:\/\/northcyprusestate.com\/tr\/wp-json\/wp\/v2\/media?parent=9087"}],"curies":[{"name":"wp","href":"https:\/\/api.w.org\/{rel}","templated":true}]}}