{"id":9077,"date":"2022-05-25T12:20:52","date_gmt":"2022-05-25T12:20:52","guid":{"rendered":"https:\/\/northcyprusestate.com\/?page_id=9077"},"modified":"2022-05-26T08:43:52","modified_gmt":"2022-05-26T08:43:52","slug":"kibris","status":"publish","type":"page","link":"https:\/\/northcyprusestate.com\/tr\/kibris\/","title":{"rendered":"K\u0131br\u0131s"},"content":{"rendered":"\n<h2 class=\"wp-block-heading\">K\u0131br\u0131s<\/h2>\n\n\n\n<p>K\u0131br\u0131s, konumu ve tarihi zenginlikleri bak\u0131m\u0131nda \u2018\u2019Akdeniz\u2019in \u0130ncisi\u2019\u2019 olarak g\u00f6sterilmektedir.<br>Bozulmam\u0131\u015f zengin kaynaklar\u0131, do\u011fal yap\u0131s\u0131, tarihi yerleri, plajlar\u0131 ve denizi ile \u00fcnl\u00fc bir adad\u0131r.<br>K\u0131br\u0131s Akdeniz\u2019in 3\u2019\u00fcnc\u00fc b\u00fcy\u00fck adas\u0131 olmakla birlikte T\u00fcrkiye\u2019ye 65 km, Suriye\u2019ye 100 km ve M\u0131s\u0131r\u2019a 420 km mesafesi bulunmaktad\u0131r.<\/p>\n\n\n\n<p><strong>Tarih\u00e7e<\/strong><br>K\u0131br\u0131sl\u0131 Rum ve T\u00fcrkler aras\u0131nda ge\u00e7en uyu\u015fmazl\u0131klardan sonra Akdeniz\u2019in b\u00fcy\u00fcl\u00fc adas\u0131 K\u0131br\u0131s, ikiye b\u00f6l\u00fcnm\u00fc\u015ft\u00fcr. 1974 y\u0131l\u0131ndan sonra Kuzey K\u0131br\u0131s ve G\u00fcney K\u0131br\u0131s diye iki ayr\u0131 devlet yap\u0131s\u0131 g\u00fcn\u00fcm\u00fcze kadar gelmi\u015ftir. Her iki b\u00f6lgeyi ay\u0131ran bir ye\u015fil hat vard\u0131r ve bu Birle\u015fmi\u015f Milletler Bar\u0131\u015f G\u00fcc\u00fc taraf\u0131ndan kontroll\u00fc bir \u015fekilde takip edilmektedir. Bug\u00fcn her iki toplumun bar\u0131\u015f g\u00f6r\u00fc\u015fmeleri olumlu bir \u015fekilde devam etmekle birlikte, farkl\u0131 k\u00fclt\u00fcrlere ev sahipli\u011fi yapmaya devam eden Lefko\u015fa, hala &#8220;d\u00fcnyan\u0131n b\u00f6l\u00fcnm\u00fc\u015f son ba\u015fkenti&#8221; olarak an\u0131lmaya devam etmektedir<\/p>\n\n\n\n<p><strong>Genel Bilgiler<\/strong><br>Kuzey K\u0131br\u0131s\u2019\u0131n alan\u0131, b\u00fct\u00fcn K\u0131br\u0131s\u2019\u0131n %36.5\u2019ine tekab\u00fcl etmektedir ve toplam y\u00fcz\u00f6l\u00e7\u00fcm\u00fc 3.355 km\u00b2\u2019dir.<br>Kuzey K\u0131br\u0131s il\u00e7eleri, y\u00fcz\u00f6l\u00e7\u00fcm\u00fc ve n\u00fcfusu;<br>1. Lefko\u015fa (Ba\u015fkent) ( 513 km\u00b2 &#8211; 98.739)<br>2. Girne (690 km\u00b2 &#8211; 73.577)<br>3. Ma\u011fusa ( 997 km\u00b2 &#8211; 69.839)<br>4. G\u00fczelyurt (381 km\u00b2 &#8211; 31.254)<br>5. \u0130skele ( 774 km\u00b2 &#8211; 23.356)<\/p>\n\n\n\n<p><strong>S\u0131n\u0131r Kap\u0131lar\u0131 ve Ge\u00e7i\u015f;<\/strong><br>23 Nisan 2003 tarihinden itibaren Kuzey K\u0131br\u0131s ile G\u00fcney K\u0131br\u0131s aras\u0131nda ge\u00e7i\u015fler ba\u015flam\u0131\u015ft\u0131r. \u015euan aktif olarak kullan\u0131lan 7 s\u0131n\u0131r kap\u0131s\u0131 olmakla birlikte, KKTC Do\u011fumlu K\u0131br\u0131s T\u00fcrkler, K\u0131br\u0131s Cumhuriyeti pasaportuna sahip K\u0131br\u0131sl\u0131 Rumlar, AB \u00fcyesi vatanda\u015flar Vatanda\u015flar\u0131 hi\u00e7bir k\u0131s\u0131tlama alt\u0131nda kalmadan rahatl\u0131kla ge\u00e7i\u015f noktalar\u0131n\u0131 kullanmaktad\u0131rlar.<\/p>\n\n\n\n<p><strong>Ula\u015f\u0131m<\/strong><br>Kuzey K\u0131br\u0131s\u2019ta Ercan Uluslararas\u0131 Havaliman\u0131 dahil toplamda 3 havaliman\u0131 bulunmaktad\u0131r. T\u00fcm havalimanlar\u0131 uluslar aras\u0131 u\u00e7u\u015f trafi\u011fi a\u011f\u0131 i\u00e7erisinde yeralmaktad\u0131r. \u00dclkemizde bulunan 3liman i\u00e7erisinde en b\u00fcy\u00fck hacme sahip liman\u0131 Gazima\u011fusa Liman\u0131d\u0131r. Kuzey K\u0131br\u0131s\u2019\u0131n en b\u00fcy\u00fck liman\u0131 olmakla birlikte \u0130hracat ve ithalatta \u00f6nemli bir yere sahiptir.<\/p>\n\n\n\n<p><strong>E\u011fitim<\/strong><br>Kuzey K\u0131br\u0131s\u2019ta E\u011fitim sistemi okul \u00f6ncesi e\u011fitim (3-6 ya\u015f), ilk\u00f6\u011fretim (6-12 ya\u015f), orta\u00f6\u011fretim (12-18 ya\u015f) ve y\u00fcksek\u00f6\u011fretim (18+ ya\u015f) olarak d\u00f6rde ayr\u0131lm\u0131\u015f durumdad\u0131r. Ayr\u0131ca tam g\u00fcn e\u011fitim 5 ve 15 ya\u015flar\u0131 aras\u0131ndaki t\u00fcm \u00e7ocuklar i\u00e7in zorunludur. Sonras\u0131nda y\u00fcksek \u00f6\u011frenim dahil olmak \u00fczere devlet taraf\u0131ndan sa\u011flanan e\u011fitim vergilerle \u00f6denmektedir.<\/p>\n\n\n\n<p><strong>Sa\u011fl\u0131k<\/strong><br>Kuzey K\u0131br\u0131s\u2019ta \u00f6zel ve devlet dahil toplamda 51 adet hastane bulunmaktad\u0131r. Yine ayr\u0131ca Kuzey K\u0131br\u0131s T\u00fcrk Cumhuriyeti H\u00fck\u00fcmeti ile T\u00fcrkiye Cumhuriyeti H\u00fck\u00fcmeti Aras\u0131nda 28 Mart 2008 tarihinde \u0130mzalanan Sa\u011fl\u0131k Alan\u0131nda \u0130\u015fbirli\u011fi ile sa\u011fl\u0131k sekt\u00f6r\u00fc T\u00fcrkiye\u2019nin deste\u011fi ile her ge\u00e7en g\u00fcn geli\u015fmektedir.<\/p>\n","protected":false},"excerpt":{"rendered":"<p>K\u0131br\u0131s K\u0131br\u0131s, konumu ve tarihi zenginlikleri bak\u0131m\u0131nda \u2018\u2019Akdeniz\u2019in \u0130ncisi\u2019\u2019 olarak g\u00f6sterilmektedir.Bozulmam\u0131\u015f zengin kaynaklar\u0131, do\u011fal yap\u0131s\u0131, tarihi yerleri, plajlar\u0131 ve denizi ile \u00fcnl\u00fc bir adad\u0131r.K\u0131br\u0131s Akdeniz\u2019in 3\u2019\u00fcnc\u00fc b\u00fcy\u00fck adas\u0131 olmakla birlikte T\u00fcrkiye\u2019ye 65 km, Suriye\u2019ye 100 km ve M\u0131s\u0131r\u2019a 420 km mesafesi bulunmaktad\u0131r. Tarih\u00e7eK\u0131br\u0131sl\u0131 Rum ve T\u00fcrkler aras\u0131nda ge\u00e7en uyu\u015fmazl\u0131klardan sonra Akdeniz\u2019in b\u00fcy\u00fcl\u00fc adas\u0131 K\u0131br\u0131s, ikiye&#8230;<\/p>\n","protected":false},"author":1,"featured_media":0,"parent":0,"menu_order":0,"comment_status":"closed","ping_status":"closed","template":"templates\/full-width.php","meta":{"footnotes":""},"class_list":["post-9077","page","type-page","status-publish","hentry"],"_links":{"self":[{"href":"https:\/\/northcyprusestate.com\/tr\/wp-json\/wp\/v2\/pages\/9077","targetHints":{"allow":["GET"]}}],"collection":[{"href":"https:\/\/northcyprusestate.com\/tr\/wp-json\/wp\/v2\/pages"}],"about":[{"href":"https:\/\/northcyprusestate.com\/tr\/wp-json\/wp\/v2\/types\/page"}],"author":[{"embeddable":true,"href":"https:\/\/northcyprusestate.com\/tr\/wp-json\/wp\/v2\/users\/1"}],"replies":[{"embeddable":true,"href":"https:\/\/northcyprusestate.com\/tr\/wp-json\/wp\/v2\/comments?post=9077"}],"version-history":[{"count":1,"href":"https:\/\/northcyprusestate.com\/tr\/wp-json\/wp\/v2\/pages\/9077\/revisions"}],"predecessor-version":[{"id":9078,"href":"https:\/\/northcyprusestate.com\/tr\/wp-json\/wp\/v2\/pages\/9077\/revisions\/9078"}],"wp:attachment":[{"href":"https:\/\/northcyprusestate.com\/tr\/wp-json\/wp\/v2\/media?parent=9077"}],"curies":[{"name":"wp","href":"https:\/\/api.w.org\/{rel}","templated":true}]}}