{"id":9052,"date":"2022-05-25T11:48:39","date_gmt":"2022-05-25T11:48:39","guid":{"rendered":"https:\/\/northcyprusestate.com\/?page_id=9052"},"modified":"2022-05-25T12:15:42","modified_gmt":"2022-05-25T12:15:42","slug":"about-us","status":"publish","type":"page","link":"https:\/\/northcyprusestate.com\/tr\/about-us\/","title":{"rendered":"Hakk\u0131m\u0131zda"},"content":{"rendered":"\n<h2 class=\"wp-block-heading\">Hakk\u0131m\u0131zda<\/h2>\n\n\n\n<p>Emlak \u015firketimiz 1998 y\u0131l\u0131 itibar\u0131 ile in\u015faat \u015firketimiz ise 2002 y\u0131l\u0131 itibar\u0131 ile sekt\u00f6rde yerini alm\u0131\u015ft\u0131r. 2000\u2019li y\u0131llardan sonra \u015firketimiz profesyonel anlamda hizmet vermeye ba\u015flam\u0131\u015ft\u0131r.<\/p>\n\n\n\n<p>G\u00fcncel i\u015f olanaklar\u0131n\u0131 ve yat\u0131r\u0131m f\u0131rsatlar\u0131n\u0131 \u00e7ok yak\u0131ndan takip etmekteyiz. Son y\u0131llarda Yurt i\u00e7inden ve yurt d\u0131\u015f\u0131ndan bir\u00e7ok ortak yat\u0131r\u0131mc\u0131 ile i\u015f olanaklar\u0131m\u0131z olmu\u015ftur ve halen devam etmektedir.\u00d6zellikle yurt d\u0131\u015f\u0131ndan gelen yabanc\u0131 finans sahiplerine \u00fclkemizde yeni yat\u0131r\u0131m f\u0131rsatlar\u0131 sunmaktay\u0131z. \u00dclkemiz yat\u0131r\u0131m yapmaya son derece elveri\u015fli ko\u015fullar\u0131 ile Yabanc\u0131 yat\u0131r\u0131mc\u0131lar\u0131n dikkatini \u00e7ekmektedir. Biz bu noktada ba\u015flang\u0131\u00e7 noktas\u0131ndan biti\u015f noktas\u0131na kadar profesyonel anlamda yat\u0131r\u0131mc\u0131lar\u0131m\u0131z\u0131 desteklemekte ve y\u00f6nlendirmekteyiz.<\/p>\n\n\n\n<p>Amac\u0131m\u0131z ve \u00f6ncelikli g\u00f6revimiz m\u00fc\u015fterilerimizin ne istedi\u011fi anlamak ve isteklerine do\u011fru y\u00f6n vermek, karar verilen emlak veya yat\u0131r\u0131m\u0131, en h\u0131zl\u0131 \u015fekilde altyap\u0131s\u0131n\u0131 haz\u0131rlayarak hayata ge\u00e7irmektir. \u00d6zellikle emlak ve konut konular\u0131nda \u00e7ok h\u0131zl\u0131 ve uygun sonu\u00e7lara odaklanarak hedefe ula\u015fabilmenin verdi\u011fi g\u00fcvenle yolumuza devam etmekteyiz. \u0130\u015flerimiz bir \u00e7o\u011fu \u00f6zel i\u015flerdir. Emlak piyasalar\u0131nda olan ve de\u015fifre olmu\u015f yat\u0131r\u0131m f\u0131rsatlar\u0131ndan ziyade, De\u015fifre olmam\u0131\u015f yeni ve kazan\u00e7l\u0131 yat\u0131r\u0131m f\u0131rsatlar\u0131n\u0131 sunmaktay\u0131z.<\/p>\n\n\n\n<h3 class=\"wp-block-heading\">\u0130n\u015faat<\/h3>\n\n\n\n<p>\u0130n\u015faat \u015firketimiz 1998 y\u0131l\u0131 itibariyle hizmet sekt\u00f6r\u00fcnde yerini alm\u0131\u015ft\u0131r. 2016 y\u0131l\u0131nda alm\u0131\u015f oldu\u011fu II. s\u0131n\u0131f in\u015faat karnesiyle 8.000 m\u00b2 in\u015faat yapma hakk\u0131na sahiptir.<\/p>\n\n\n\n<div class=\"wp-block-columns is-layout-flex wp-container-core-columns-is-layout-9d6595d7 wp-block-columns-is-layout-flex\">\n<div class=\"wp-block-column is-layout-flow wp-block-column-is-layout-flow\">\n<figure class=\"wp-block-image size-full\"><img loading=\"lazy\" decoding=\"async\" width=\"800\" height=\"600\" src=\"https:\/\/northcyprusestate.com\/wp-content\/uploads\/2022\/05\/sertificate-01.png\" alt=\"\" class=\"wp-image-9027\" srcset=\"https:\/\/northcyprusestate.com\/wp-content\/uploads\/2022\/05\/sertificate-01.png 800w, https:\/\/northcyprusestate.com\/wp-content\/uploads\/2022\/05\/sertificate-01-300x225.png 300w, https:\/\/northcyprusestate.com\/wp-content\/uploads\/2022\/05\/sertificate-01-768x576.png 768w, https:\/\/northcyprusestate.com\/wp-content\/uploads\/2022\/05\/sertificate-01-150x113.png 150w, https:\/\/northcyprusestate.com\/wp-content\/uploads\/2022\/05\/sertificate-01-680x510.png 680w\" sizes=\"auto, (max-width: 800px) 100vw, 800px\" \/><\/figure>\n<\/div>\n\n\n\n<div class=\"wp-block-column is-layout-flow wp-block-column-is-layout-flow\">\n<figure class=\"wp-block-image size-full\"><img loading=\"lazy\" decoding=\"async\" width=\"800\" height=\"600\" src=\"https:\/\/northcyprusestate.com\/wp-content\/uploads\/2022\/05\/sertificate-02.png\" alt=\"\" class=\"wp-image-9030\" srcset=\"https:\/\/northcyprusestate.com\/wp-content\/uploads\/2022\/05\/sertificate-02.png 800w, https:\/\/northcyprusestate.com\/wp-content\/uploads\/2022\/05\/sertificate-02-300x225.png 300w, https:\/\/northcyprusestate.com\/wp-content\/uploads\/2022\/05\/sertificate-02-768x576.png 768w, https:\/\/northcyprusestate.com\/wp-content\/uploads\/2022\/05\/sertificate-02-150x113.png 150w, https:\/\/northcyprusestate.com\/wp-content\/uploads\/2022\/05\/sertificate-02-680x510.png 680w\" sizes=\"auto, (max-width: 800px) 100vw, 800px\" \/><\/figure>\n<\/div>\n\n\n\n<div class=\"wp-block-column is-layout-flow wp-block-column-is-layout-flow\">\n<figure class=\"wp-block-image size-full\"><img loading=\"lazy\" decoding=\"async\" width=\"800\" height=\"600\" src=\"https:\/\/northcyprusestate.com\/wp-content\/uploads\/2022\/05\/te-kut-construction-1.png\" alt=\"\" class=\"wp-image-9035\" srcset=\"https:\/\/northcyprusestate.com\/wp-content\/uploads\/2022\/05\/te-kut-construction-1.png 800w, https:\/\/northcyprusestate.com\/wp-content\/uploads\/2022\/05\/te-kut-construction-1-300x225.png 300w, https:\/\/northcyprusestate.com\/wp-content\/uploads\/2022\/05\/te-kut-construction-1-768x576.png 768w, https:\/\/northcyprusestate.com\/wp-content\/uploads\/2022\/05\/te-kut-construction-1-150x113.png 150w, https:\/\/northcyprusestate.com\/wp-content\/uploads\/2022\/05\/te-kut-construction-1-680x510.png 680w\" sizes=\"auto, (max-width: 800px) 100vw, 800px\" \/><\/figure>\n<\/div>\n<\/div>\n","protected":false},"excerpt":{"rendered":"<p>Hakk\u0131m\u0131zda Emlak \u015firketimiz 1998 y\u0131l\u0131 itibar\u0131 ile in\u015faat \u015firketimiz ise 2002 y\u0131l\u0131 itibar\u0131 ile sekt\u00f6rde yerini alm\u0131\u015ft\u0131r. 2000\u2019li y\u0131llardan sonra \u015firketimiz profesyonel anlamda hizmet vermeye ba\u015flam\u0131\u015ft\u0131r. G\u00fcncel i\u015f olanaklar\u0131n\u0131 ve yat\u0131r\u0131m f\u0131rsatlar\u0131n\u0131 \u00e7ok yak\u0131ndan takip etmekteyiz. Son y\u0131llarda Yurt i\u00e7inden ve yurt d\u0131\u015f\u0131ndan bir\u00e7ok ortak yat\u0131r\u0131mc\u0131 ile i\u015f olanaklar\u0131m\u0131z olmu\u015ftur ve halen devam etmektedir.\u00d6zellikle yurt&#8230;<\/p>\n","protected":false},"author":1,"featured_media":0,"parent":0,"menu_order":0,"comment_status":"closed","ping_status":"closed","template":"templates\/full-width.php","meta":{"footnotes":""},"class_list":["post-9052","page","type-page","status-publish","hentry"],"_links":{"self":[{"href":"https:\/\/northcyprusestate.com\/tr\/wp-json\/wp\/v2\/pages\/9052","targetHints":{"allow":["GET"]}}],"collection":[{"href":"https:\/\/northcyprusestate.com\/tr\/wp-json\/wp\/v2\/pages"}],"about":[{"href":"https:\/\/northcyprusestate.com\/tr\/wp-json\/wp\/v2\/types\/page"}],"author":[{"embeddable":true,"href":"https:\/\/northcyprusestate.com\/tr\/wp-json\/wp\/v2\/users\/1"}],"replies":[{"embeddable":true,"href":"https:\/\/northcyprusestate.com\/tr\/wp-json\/wp\/v2\/comments?post=9052"}],"version-history":[{"count":2,"href":"https:\/\/northcyprusestate.com\/tr\/wp-json\/wp\/v2\/pages\/9052\/revisions"}],"predecessor-version":[{"id":9066,"href":"https:\/\/northcyprusestate.com\/tr\/wp-json\/wp\/v2\/pages\/9052\/revisions\/9066"}],"wp:attachment":[{"href":"https:\/\/northcyprusestate.com\/tr\/wp-json\/wp\/v2\/media?parent=9052"}],"curies":[{"name":"wp","href":"https:\/\/api.w.org\/{rel}","templated":true}]}}