{"id":10873,"date":"2022-06-02T07:07:06","date_gmt":"2022-06-02T07:07:06","guid":{"rendered":"https:\/\/northcyprusestate.com\/?page_id=10873"},"modified":"2022-06-02T08:57:48","modified_gmt":"2022-06-02T08:57:48","slug":"turizm","status":"publish","type":"page","link":"https:\/\/northcyprusestate.com\/tr\/turizm\/","title":{"rendered":"Turizm"},"content":{"rendered":"\n<h2 class=\"wp-block-heading\">Turizm<\/h2>\n\n\n\n<p>Kuzey K\u0131br\u0131s\u2019ta bulunan 5 ve 4 y\u0131ld\u0131zl\u0131 hotel ve i\u00e7erisinde casino\u2019nun bulundu\u011fu tesislerinde d\u0131\u015f\u0131nda 130\u2019dan fazla tesis turistik olarak hizmetlerine devam etmekte ve bu rakam her ge\u00e7en g\u00fcn artmaktad\u0131r.<\/p>\n\n\n\n<p><strong>Yat\u0131r\u0131m f\u0131rsat\u0131 ile b\u00fcy\u00fcyen turizm<\/strong><br>Tesisle\u015fmenin h\u0131zl\u0131 bir \u015fekilde artmas\u0131n\u0131n sebebi ise yat\u0131r\u0131mc\u0131lara sunulan \u00f6zel f\u0131rsatlar, tarihi zenginlikleri ve stratejik konumundan kaynaklanmaktad\u0131r.<\/p>\n\n\n\n<p>Kuzey K\u0131br\u0131s\u2019\u0131n bozulmam\u0131\u015f do\u011fal g\u00fczellikleri, g\u00f6rkemli tarihi ile Akdeniz\u2019in en \u00f6nemli adas\u0131 olma \u00f6zelli\u011fini ta\u015f\u0131maktad\u0131r.<\/p>\n\n\n\n<p><strong>9000 y\u0131ll\u0131k muhte\u015fem tarih<\/strong><br>Y\u00fczy\u0131llar boyunca K\u0131br\u0131s\u2019ta kurulan farkl\u0131 uygarl\u0131klar\u0131n b\u0131rakt\u0131\u011f\u0131 zenginlikler g\u00fcn\u00fcm\u00fcze kadar gelmi\u015ftir. Bat\u0131 b\u00f6lgesinde bulunan Soli Hareberinden Venedik S\u00fctunlar\u0131na, Arapahmet Camiisi\u2019nden Salamis Hareberi ve Apostolos Andreas Manast\u0131r\u0131\u2019na kadar de\u011fi\u015fik uygarl\u0131klara ait 9000 y\u0131ll\u0131k tarihi zenginlikleri bar\u0131nd\u0131rmaktad\u0131r.<\/p>\n\n\n\n<p><strong>Deniz, g\u00fcne\u015f, kum ve fazlas\u0131\u2026<\/strong><br>Akdeniz\u2019in do\u011fusundan ba\u015flayarak Arap Yar\u0131madas\u0131\u2019na kadar uzanan K\u0131br\u0131s\u2019\u0131n d\u00f6rt taraf\u0131 e\u015f\u015fiz plajlarla \u00e7evrilidir. Harika denizi ile birlikte muhte\u015fem kumsallara sahip bu g\u00fczel ada, e\u015fsiz g\u00fczelliklerini g\u00fcn\u00fcm\u00fczdede bar\u0131nd\u0131rmaktad\u0131r.<\/p>\n\n\n\n<p>K\u0131br\u0131s sahillerinde, g\u00fczellik ve a\u015fk tanr\u0131\u00e7as\u0131 olarak bilinen Afrodit\u2019in do\u011fdu\u011fu yer olarak tarihte ki yerinin alan Alt\u0131n kumsal\u2019dan her y\u0131l caretta-caretta deniz kaplumba\u011falar\u0131n\u0131n ziyaret etti\u011fi Alagadi plaj\u0131 dahil, e\u015fsiz bir atmosfer sunan Bafra\u2019dan Girne\u2019ye kadar uzanan muhte\u015fem plajlar\u0131 ile birden fazla alternatif sunmaktad\u0131r.<\/p>\n","protected":false},"excerpt":{"rendered":"<p>Turizm Kuzey K\u0131br\u0131s\u2019ta bulunan 5 ve 4 y\u0131ld\u0131zl\u0131 hotel ve i\u00e7erisinde casino\u2019nun bulundu\u011fu tesislerinde d\u0131\u015f\u0131nda 130\u2019dan fazla tesis turistik olarak hizmetlerine devam etmekte ve bu rakam her ge\u00e7en g\u00fcn artmaktad\u0131r. Yat\u0131r\u0131m f\u0131rsat\u0131 ile b\u00fcy\u00fcyen turizmTesisle\u015fmenin h\u0131zl\u0131 bir \u015fekilde artmas\u0131n\u0131n sebebi ise yat\u0131r\u0131mc\u0131lara sunulan \u00f6zel f\u0131rsatlar, tarihi zenginlikleri ve stratejik konumundan kaynaklanmaktad\u0131r. Kuzey K\u0131br\u0131s\u2019\u0131n bozulmam\u0131\u015f do\u011fal&#8230;<\/p>\n","protected":false},"author":1,"featured_media":0,"parent":0,"menu_order":0,"comment_status":"closed","ping_status":"closed","template":"","meta":{"footnotes":""},"class_list":["post-10873","page","type-page","status-publish","hentry"],"_links":{"self":[{"href":"https:\/\/northcyprusestate.com\/tr\/wp-json\/wp\/v2\/pages\/10873","targetHints":{"allow":["GET"]}}],"collection":[{"href":"https:\/\/northcyprusestate.com\/tr\/wp-json\/wp\/v2\/pages"}],"about":[{"href":"https:\/\/northcyprusestate.com\/tr\/wp-json\/wp\/v2\/types\/page"}],"author":[{"embeddable":true,"href":"https:\/\/northcyprusestate.com\/tr\/wp-json\/wp\/v2\/users\/1"}],"replies":[{"embeddable":true,"href":"https:\/\/northcyprusestate.com\/tr\/wp-json\/wp\/v2\/comments?post=10873"}],"version-history":[{"count":2,"href":"https:\/\/northcyprusestate.com\/tr\/wp-json\/wp\/v2\/pages\/10873\/revisions"}],"predecessor-version":[{"id":10901,"href":"https:\/\/northcyprusestate.com\/tr\/wp-json\/wp\/v2\/pages\/10873\/revisions\/10901"}],"wp:attachment":[{"href":"https:\/\/northcyprusestate.com\/tr\/wp-json\/wp\/v2\/media?parent=10873"}],"curies":[{"name":"wp","href":"https:\/\/api.w.org\/{rel}","templated":true}]}}