{"id":10869,"date":"2022-06-02T07:06:40","date_gmt":"2022-06-02T07:06:40","guid":{"rendered":"https:\/\/northcyprusestate.com\/?page_id=10869"},"modified":"2022-06-02T08:48:24","modified_gmt":"2022-06-02T08:48:24","slug":"kultur","status":"publish","type":"page","link":"https:\/\/northcyprusestate.com\/tr\/kultur\/","title":{"rendered":"K\u00fclt\u00fcr"},"content":{"rendered":"\n<h2 class=\"wp-block-heading\">K\u00fclt\u00fcr<\/h2>\n\n\n\n<p>Kuzey K\u0131br\u0131s\u2019ta halk\u0131n misafirperverli\u011fi g\u00fcnl\u00fck hayahayat\u0131n en belirgin \u00f6zellikleri i\u00e7erisinde yeralmaktad\u0131r.<\/p>\n\n\n\n<p>K\u0131br\u0131s T\u00fcrk Toplumunun k\u00fclt\u00fcr\u00fc, gelenekleri ve adetleri do\u011fal g\u00fczellikleri gibi \u00e7ok renkli olma \u00f6zelli\u011fi ta\u015f\u0131maktad\u0131r.<\/p>\n\n\n\n<p>Halk i\u00e7in d\u00fc\u011f\u00fcn, ni\u015fan, bayram ve sosyal t\u00f6renler olduk\u00e7a \u00f6nemlidir. Yine ayn\u0131 \u015fekilde misafirperverlik konusu olduk\u00e7a \u00f6nemlidir. Hatta konuklarda k\u0131demlisi, ya\u015fl\u0131s\u0131 gibi s\u0131ralamaya g\u00f6re a\u011f\u0131rlama ve ikramlar ger\u00e7ekle\u015ftirilir.<\/p>\n\n\n\n<p>\u00d6zellikle yabanc\u0131 turistlerin en \u00e7ok dikkat \u00e7ekti\u011fi konu; hi\u00e7 tan\u0131mad\u0131klar\u0131 sadece g\u00f6rmek i\u00e7in b\u00f6lgelerde bulunan halk\u0131n kendilerine kahve ikram\u0131nda bulunmas\u0131ndan s\u00f6z edilir.<\/p>\n\n\n\n<p>\u0130kram ve konukseverlik \u00f6zelli\u011fi Kuzey K\u0131br\u0131s halk\u0131n\u0131n g\u00fcnl\u00fck hayat\u0131n\u0131n bir par\u00e7as\u0131 konumundad\u0131r.<\/p>\n","protected":false},"excerpt":{"rendered":"<p>K\u00fclt\u00fcr Kuzey K\u0131br\u0131s\u2019ta halk\u0131n misafirperverli\u011fi g\u00fcnl\u00fck hayahayat\u0131n en belirgin \u00f6zellikleri i\u00e7erisinde yeralmaktad\u0131r. K\u0131br\u0131s T\u00fcrk Toplumunun k\u00fclt\u00fcr\u00fc, gelenekleri ve adetleri do\u011fal g\u00fczellikleri gibi \u00e7ok renkli olma \u00f6zelli\u011fi ta\u015f\u0131maktad\u0131r. Halk i\u00e7in d\u00fc\u011f\u00fcn, ni\u015fan, bayram ve sosyal t\u00f6renler olduk\u00e7a \u00f6nemlidir. Yine ayn\u0131 \u015fekilde misafirperverlik konusu olduk\u00e7a \u00f6nemlidir. Hatta konuklarda k\u0131demlisi, ya\u015fl\u0131s\u0131 gibi s\u0131ralamaya g\u00f6re a\u011f\u0131rlama ve ikramlar ger\u00e7ekle\u015ftirilir&#8230;.<\/p>\n","protected":false},"author":1,"featured_media":0,"parent":0,"menu_order":0,"comment_status":"closed","ping_status":"closed","template":"","meta":{"footnotes":""},"class_list":["post-10869","page","type-page","status-publish","hentry"],"_links":{"self":[{"href":"https:\/\/northcyprusestate.com\/tr\/wp-json\/wp\/v2\/pages\/10869","targetHints":{"allow":["GET"]}}],"collection":[{"href":"https:\/\/northcyprusestate.com\/tr\/wp-json\/wp\/v2\/pages"}],"about":[{"href":"https:\/\/northcyprusestate.com\/tr\/wp-json\/wp\/v2\/types\/page"}],"author":[{"embeddable":true,"href":"https:\/\/northcyprusestate.com\/tr\/wp-json\/wp\/v2\/users\/1"}],"replies":[{"embeddable":true,"href":"https:\/\/northcyprusestate.com\/tr\/wp-json\/wp\/v2\/comments?post=10869"}],"version-history":[{"count":2,"href":"https:\/\/northcyprusestate.com\/tr\/wp-json\/wp\/v2\/pages\/10869\/revisions"}],"predecessor-version":[{"id":10897,"href":"https:\/\/northcyprusestate.com\/tr\/wp-json\/wp\/v2\/pages\/10869\/revisions\/10897"}],"wp:attachment":[{"href":"https:\/\/northcyprusestate.com\/tr\/wp-json\/wp\/v2\/media?parent=10869"}],"curies":[{"name":"wp","href":"https:\/\/api.w.org\/{rel}","templated":true}]}}