{"id":10865,"date":"2022-06-02T07:06:15","date_gmt":"2022-06-02T07:06:15","guid":{"rendered":"https:\/\/northcyprusestate.com\/?page_id=10865"},"modified":"2022-06-02T08:46:37","modified_gmt":"2022-06-02T08:46:37","slug":"nufus","status":"publish","type":"page","link":"https:\/\/northcyprusestate.com\/tr\/nufus\/","title":{"rendered":"N\u00fcfus"},"content":{"rendered":"\n<h2 class=\"wp-block-heading\">N\u00fcfus<\/h2>\n\n\n\n<p>Kuzey K\u0131br\u0131s T\u00fcrk Cumhuriyeti&#8217;nde toplam 5 adet il\u00e7e i\u00e7erisinde s\u00fcrekli ikamet eden nuf\u00fcs, 2013 verilerine g\u00f6re 286 bin 257 ki\u015fidir. Bu n\u00fcfusun %52.6\u2019s\u0131 Erkek, %47.4\u2019\u00fc ise Kad\u0131n\u2019dan olu\u015fmaktad\u0131r.<\/p>\n\n\n\n<p>\u0130l\u00e7elere g\u00f6re n\u00fcfus da\u011f\u0131l\u0131mlar\u0131;<\/p>\n\n\n\n<p>5 il\u00e7e i\u00e7erisinde n\u00fcfus da\u011f\u0131l\u0131mlar\u0131 a\u015fa\u011f\u0131da ki gibidir;<br>1. Lefko\u015fa (94.824 ki\u015fi)<br>2. Girne (69.741 ki\u015fi)<br>3. Ma\u011fusa (69.741 ki\u015fi)<br>4. G\u00fczelyurt (30.037 ki\u015fi)<br>5. \u0130skele ( 22.492 ki\u015fi)<\/p>\n\n\n\n<p>**** Kuzey K\u0131br\u0131s\u2019\u0131n toplam n\u00fcfusunun %77.8\u2019i il\u00e7e merkezlerinde, %28.6\u2019s\u0131 ise bucak ve k\u00f6ylerde ikamet etmektedir.<\/p>\n","protected":false},"excerpt":{"rendered":"<p>N\u00fcfus Kuzey K\u0131br\u0131s T\u00fcrk Cumhuriyeti&#8217;nde toplam 5 adet il\u00e7e i\u00e7erisinde s\u00fcrekli ikamet eden nuf\u00fcs, 2013 verilerine g\u00f6re 286 bin 257 ki\u015fidir. Bu n\u00fcfusun %52.6\u2019s\u0131 Erkek, %47.4\u2019\u00fc ise Kad\u0131n\u2019dan olu\u015fmaktad\u0131r. \u0130l\u00e7elere g\u00f6re n\u00fcfus da\u011f\u0131l\u0131mlar\u0131; 5 il\u00e7e i\u00e7erisinde n\u00fcfus da\u011f\u0131l\u0131mlar\u0131 a\u015fa\u011f\u0131da ki gibidir;1. Lefko\u015fa (94.824 ki\u015fi)2. Girne (69.741 ki\u015fi)3. Ma\u011fusa (69.741 ki\u015fi)4. G\u00fczelyurt (30.037 ki\u015fi)5. \u0130skele (&#8230;<\/p>\n","protected":false},"author":1,"featured_media":0,"parent":0,"menu_order":0,"comment_status":"closed","ping_status":"closed","template":"","meta":{"footnotes":""},"class_list":["post-10865","page","type-page","status-publish","hentry"],"_links":{"self":[{"href":"https:\/\/northcyprusestate.com\/tr\/wp-json\/wp\/v2\/pages\/10865","targetHints":{"allow":["GET"]}}],"collection":[{"href":"https:\/\/northcyprusestate.com\/tr\/wp-json\/wp\/v2\/pages"}],"about":[{"href":"https:\/\/northcyprusestate.com\/tr\/wp-json\/wp\/v2\/types\/page"}],"author":[{"embeddable":true,"href":"https:\/\/northcyprusestate.com\/tr\/wp-json\/wp\/v2\/users\/1"}],"replies":[{"embeddable":true,"href":"https:\/\/northcyprusestate.com\/tr\/wp-json\/wp\/v2\/comments?post=10865"}],"version-history":[{"count":2,"href":"https:\/\/northcyprusestate.com\/tr\/wp-json\/wp\/v2\/pages\/10865\/revisions"}],"predecessor-version":[{"id":10894,"href":"https:\/\/northcyprusestate.com\/tr\/wp-json\/wp\/v2\/pages\/10865\/revisions\/10894"}],"wp:attachment":[{"href":"https:\/\/northcyprusestate.com\/tr\/wp-json\/wp\/v2\/media?parent=10865"}],"curies":[{"name":"wp","href":"https:\/\/api.w.org\/{rel}","templated":true}]}}