{"id":10861,"date":"2022-06-02T07:05:47","date_gmt":"2022-06-02T07:05:47","guid":{"rendered":"https:\/\/northcyprusestate.com\/?page_id=10861"},"modified":"2022-06-02T08:45:17","modified_gmt":"2022-06-02T08:45:17","slug":"iklim","status":"publish","type":"page","link":"https:\/\/northcyprusestate.com\/tr\/iklim\/","title":{"rendered":"\u0130klim"},"content":{"rendered":"\n<h2 class=\"wp-block-heading\">\u0130klim<\/h2>\n\n\n\n<p>K\u0131br\u0131s, makro iklim s\u0131n\u0131rland\u0131rmas\u0131na girmekte ve yar\u0131 kurak bir iklim ku\u015fa\u011f\u0131 i\u00e7erisinde yer almaktad\u0131r.<\/p>\n\n\n\n<p>\u00dclkenin Akdeniz adas\u0131 olmas\u0131ndan dolay\u0131 yaz mevsimi s\u0131cak ve kurak, k\u0131\u015f mevsimi ise \u0131l\u0131k ve az ya\u011f\u0131\u015fl\u0131 ge\u00e7mektedir. K\u0131br\u0131s\u2019ta y\u0131ll\u0131k ortalama hava s\u0131cakl\u0131k seviyesi 19.0 C\u00b0&#8217;dir. Y\u0131l boyunca en s\u0131cak ay temmuz ay\u0131d\u0131r. Y\u0131l\u0131n en so\u011fuk ay\u0131 ise Ocak ay\u0131d\u0131r. K\u0131br\u0131s\u2019ta ya\u011f\u0131\u015flar ise genellikle ekim ve mart aylar\u0131nda d\u00fc\u015fmektedir.<\/p>\n\n\n\n<p>K\u0131br\u0131s ayr\u0131ca her mevsim de\u011fi\u015fik g\u00fczellikte bitki \u00f6rt\u00fcs\u00fcne sahip olmaktad\u0131r. Hatta portakal, turun\u00e7, limon, mandalina, greyfurt gibi narenciye \u00fcr\u00fcnleri ile birlikte karpuz, baz\u0131 sebze t\u00fcrleri, zeytin ve harnup a\u011fa\u00e7lar\u0131 yeti\u015fmektedir.<\/p>\n\n\n\n<p>Yine ayr\u0131ca k\u0131y\u0131 kesimlerde okalipt\u00fcs ve akasyalar, da\u011flarda ise g\u00fczel kokulu \u00e7a\u011f a\u011fa\u00e7lar\u0131 bulunur. Bitki \u00f6rt\u00fcs\u00fc ke\u00e7i ve koyun gibi hayvan t\u00fcrleri i\u00e7in idealdir.<\/p>\n","protected":false},"excerpt":{"rendered":"<p>\u0130klim K\u0131br\u0131s, makro iklim s\u0131n\u0131rland\u0131rmas\u0131na girmekte ve yar\u0131 kurak bir iklim ku\u015fa\u011f\u0131 i\u00e7erisinde yer almaktad\u0131r. \u00dclkenin Akdeniz adas\u0131 olmas\u0131ndan dolay\u0131 yaz mevsimi s\u0131cak ve kurak, k\u0131\u015f mevsimi ise \u0131l\u0131k ve az ya\u011f\u0131\u015fl\u0131 ge\u00e7mektedir. K\u0131br\u0131s\u2019ta y\u0131ll\u0131k ortalama hava s\u0131cakl\u0131k seviyesi 19.0 C\u00b0&#8217;dir. Y\u0131l boyunca en s\u0131cak ay temmuz ay\u0131d\u0131r. Y\u0131l\u0131n en so\u011fuk ay\u0131 ise Ocak ay\u0131d\u0131r&#8230;.<\/p>\n","protected":false},"author":1,"featured_media":0,"parent":0,"menu_order":0,"comment_status":"closed","ping_status":"closed","template":"","meta":{"footnotes":""},"class_list":["post-10861","page","type-page","status-publish","hentry"],"_links":{"self":[{"href":"https:\/\/northcyprusestate.com\/tr\/wp-json\/wp\/v2\/pages\/10861","targetHints":{"allow":["GET"]}}],"collection":[{"href":"https:\/\/northcyprusestate.com\/tr\/wp-json\/wp\/v2\/pages"}],"about":[{"href":"https:\/\/northcyprusestate.com\/tr\/wp-json\/wp\/v2\/types\/page"}],"author":[{"embeddable":true,"href":"https:\/\/northcyprusestate.com\/tr\/wp-json\/wp\/v2\/users\/1"}],"replies":[{"embeddable":true,"href":"https:\/\/northcyprusestate.com\/tr\/wp-json\/wp\/v2\/comments?post=10861"}],"version-history":[{"count":2,"href":"https:\/\/northcyprusestate.com\/tr\/wp-json\/wp\/v2\/pages\/10861\/revisions"}],"predecessor-version":[{"id":10892,"href":"https:\/\/northcyprusestate.com\/tr\/wp-json\/wp\/v2\/pages\/10861\/revisions\/10892"}],"wp:attachment":[{"href":"https:\/\/northcyprusestate.com\/tr\/wp-json\/wp\/v2\/media?parent=10861"}],"curies":[{"name":"wp","href":"https:\/\/api.w.org\/{rel}","templated":true}]}}