{"id":10855,"date":"2022-06-02T07:05:23","date_gmt":"2022-06-02T07:05:23","guid":{"rendered":"https:\/\/northcyprusestate.com\/?page_id=10855"},"modified":"2022-06-02T08:43:16","modified_gmt":"2022-06-02T08:43:16","slug":"cografi-konum","status":"publish","type":"page","link":"https:\/\/northcyprusestate.com\/tr\/cografi-konum\/","title":{"rendered":"\u00c7o\u011frafi Konum"},"content":{"rendered":"\n<h2 class=\"wp-block-heading\">\u00c7o\u011frafi Konum<\/h2>\n\n\n\n<p>K\u0131br\u0131s, Akdeniz\u2019de bulunan Sicilya ve Sardunya adas\u0131ndan sonra en b\u00fcy\u00fck i\u00e7inci ada konumundad\u0131r. Konumu veile kom\u015fular\u0131n\u0131n sadece denizden olmas\u0131 ile b\u00fcy\u00fck bir jeostratejik ve jeopolitik kriterler de\u011ferlendirildinde \u00f6nemi \u00e7ok daha b\u00fcy\u00fckt\u00fcr.<\/p>\n\n\n\n<p>Ada\u2019n\u0131n Do\u011fu Akdeniz \u00fczerinden yap\u0131lan ticaret, Anadolu k\u0131y\u0131lar\u0131 ve Ortado\u011fu\u2019yu bile denetim alt\u0131na alabilecek bir konuma sahip olmas\u0131, binlerce y\u0131l \u00f6nce bile K\u0131br\u0131s\u2019ta g\u00f6r\u00fclen uygarl\u0131klar\u0131n bu kriterleri de\u011ferlendirerek bu toplaklarda bulunmas\u0131na sebep olmu\u015ftur.<\/p>\n\n\n\n<p>Kuzey K\u0131br\u0131s\u2019ta toplam 5 il\u00e7e bulunmaktad\u0131r. Bunlar Lefko\u015fa, Girne, Ma\u011fusa, G\u00fczelyurt ve \u0130skele\u2019dir. Lefko\u015fa, ba\u015fkenttir ve en \u00e7ok n\u00fcfusa sahip b\u00f6lgedir. \u0130kinci \u015fehir ise Gazima\u011fusa ise ticari liman\u0131 ile \u00f6nemli bir konuma sahiptir. Turistik kriterler de\u011ferlendirdi\u011finde Girne \u00f6n plana \u00e7\u0131kmakla birlikte, G\u00fczelyurt ve \u0130skele\u2019de \u00f6nemli bir n\u00fcfusu i\u00e7erisinde bar\u0131nd\u0131rmaktad\u0131r.<\/p>\n\n\n\n<p><strong>K\u0131br\u0131s adas\u0131n\u0131n ayr\u0131ca 4 belirgin yery\u00fcz\u00fc \u015fekli vard\u0131r. Bunlar;<\/strong><br>1. Girne s\u0131rada\u011flar\u0131<br>2. Trodoslar<br>3. Mesarya Ovas\u0131<br>4. K\u0131y\u0131 \u015eeridleri<\/p>\n","protected":false},"excerpt":{"rendered":"<p>\u00c7o\u011frafi Konum K\u0131br\u0131s, Akdeniz\u2019de bulunan Sicilya ve Sardunya adas\u0131ndan sonra en b\u00fcy\u00fck i\u00e7inci ada konumundad\u0131r. Konumu veile kom\u015fular\u0131n\u0131n sadece denizden olmas\u0131 ile b\u00fcy\u00fck bir jeostratejik ve jeopolitik kriterler de\u011ferlendirildinde \u00f6nemi \u00e7ok daha b\u00fcy\u00fckt\u00fcr. Ada\u2019n\u0131n Do\u011fu Akdeniz \u00fczerinden yap\u0131lan ticaret, Anadolu k\u0131y\u0131lar\u0131 ve Ortado\u011fu\u2019yu bile denetim alt\u0131na alabilecek bir konuma sahip olmas\u0131, binlerce y\u0131l \u00f6nce bile&#8230;<\/p>\n","protected":false},"author":1,"featured_media":0,"parent":0,"menu_order":0,"comment_status":"closed","ping_status":"closed","template":"","meta":{"footnotes":""},"class_list":["post-10855","page","type-page","status-publish","hentry"],"_links":{"self":[{"href":"https:\/\/northcyprusestate.com\/tr\/wp-json\/wp\/v2\/pages\/10855","targetHints":{"allow":["GET"]}}],"collection":[{"href":"https:\/\/northcyprusestate.com\/tr\/wp-json\/wp\/v2\/pages"}],"about":[{"href":"https:\/\/northcyprusestate.com\/tr\/wp-json\/wp\/v2\/types\/page"}],"author":[{"embeddable":true,"href":"https:\/\/northcyprusestate.com\/tr\/wp-json\/wp\/v2\/users\/1"}],"replies":[{"embeddable":true,"href":"https:\/\/northcyprusestate.com\/tr\/wp-json\/wp\/v2\/comments?post=10855"}],"version-history":[{"count":2,"href":"https:\/\/northcyprusestate.com\/tr\/wp-json\/wp\/v2\/pages\/10855\/revisions"}],"predecessor-version":[{"id":10888,"href":"https:\/\/northcyprusestate.com\/tr\/wp-json\/wp\/v2\/pages\/10855\/revisions\/10888"}],"wp:attachment":[{"href":"https:\/\/northcyprusestate.com\/tr\/wp-json\/wp\/v2\/media?parent=10855"}],"curies":[{"name":"wp","href":"https:\/\/api.w.org\/{rel}","templated":true}]}}