{"id":10851,"date":"2022-06-02T07:04:48","date_gmt":"2022-06-02T07:04:48","guid":{"rendered":"https:\/\/northcyprusestate.com\/?page_id=10851"},"modified":"2022-06-02T08:41:48","modified_gmt":"2022-06-02T08:41:48","slug":"bolgeler","status":"publish","type":"page","link":"https:\/\/northcyprusestate.com\/tr\/bolgeler\/","title":{"rendered":"B\u00f6lgeler"},"content":{"rendered":"\n<h2 class=\"wp-block-heading\">B\u00f6lgeler<\/h2>\n\n\n\n<p>Kuzey K\u0131br\u0131s\u2019ta 5 il\u00e7e bulunmaktad\u0131r. Bunlar; Lefko\u015fa, Girne, Ma\u011fusa, \u0130skele ve G\u00fczeyurt\u2019tur. Lefko\u015fa \u00fclkenin ba\u015fkentidir ve en b\u00fcy\u00fck \u015fehri konumundad\u0131r.<\/p>\n\n\n\n<p>Kuzey K\u0131br\u0131s\u2019\u0131n alan\u0131, b\u00fct\u00fcn K\u0131br\u0131s\u2019\u0131n %36.5\u2019ine tekab\u00fcl etmektedir ve toplam y\u00fcz\u00f6l\u00e7\u00fcm\u00fc 3.355 km\u00b2\u2019dir.<\/p>\n\n\n\n<p><strong>Kuzey K\u0131br\u0131s il\u00e7eleri, y\u00fcz\u00f6l\u00e7\u00fcm\u00fc ve n\u00fcfusu;<\/strong><\/p>\n\n\n\n<p>1. Lefko\u015fa (Ba\u015fkent) ( 513 km\u00b2 &#8211; 98.739)<br>2. Girne (690 km\u00b2 &#8211; 73.577)<br>3. Ma\u011fusa ( 997 km\u00b2 &#8211; 69.839)<br>4. G\u00fczelyurt (381 km\u00b2 &#8211; 31.254)<br>5. \u0130skele ( 774 km\u00b2 &#8211; 23.356)<\/p>\n","protected":false},"excerpt":{"rendered":"<p>B\u00f6lgeler Kuzey K\u0131br\u0131s\u2019ta 5 il\u00e7e bulunmaktad\u0131r. Bunlar; Lefko\u015fa, Girne, Ma\u011fusa, \u0130skele ve G\u00fczeyurt\u2019tur. Lefko\u015fa \u00fclkenin ba\u015fkentidir ve en b\u00fcy\u00fck \u015fehri konumundad\u0131r. Kuzey K\u0131br\u0131s\u2019\u0131n alan\u0131, b\u00fct\u00fcn K\u0131br\u0131s\u2019\u0131n %36.5\u2019ine tekab\u00fcl etmektedir ve toplam y\u00fcz\u00f6l\u00e7\u00fcm\u00fc 3.355 km\u00b2\u2019dir. Kuzey K\u0131br\u0131s il\u00e7eleri, y\u00fcz\u00f6l\u00e7\u00fcm\u00fc ve n\u00fcfusu; 1. Lefko\u015fa (Ba\u015fkent) ( 513 km\u00b2 &#8211; 98.739)2. Girne (690 km\u00b2 &#8211; 73.577)3. Ma\u011fusa (&#8230;<\/p>\n","protected":false},"author":1,"featured_media":0,"parent":0,"menu_order":0,"comment_status":"closed","ping_status":"closed","template":"","meta":{"footnotes":""},"class_list":["post-10851","page","type-page","status-publish","hentry"],"_links":{"self":[{"href":"https:\/\/northcyprusestate.com\/tr\/wp-json\/wp\/v2\/pages\/10851","targetHints":{"allow":["GET"]}}],"collection":[{"href":"https:\/\/northcyprusestate.com\/tr\/wp-json\/wp\/v2\/pages"}],"about":[{"href":"https:\/\/northcyprusestate.com\/tr\/wp-json\/wp\/v2\/types\/page"}],"author":[{"embeddable":true,"href":"https:\/\/northcyprusestate.com\/tr\/wp-json\/wp\/v2\/users\/1"}],"replies":[{"embeddable":true,"href":"https:\/\/northcyprusestate.com\/tr\/wp-json\/wp\/v2\/comments?post=10851"}],"version-history":[{"count":2,"href":"https:\/\/northcyprusestate.com\/tr\/wp-json\/wp\/v2\/pages\/10851\/revisions"}],"predecessor-version":[{"id":10885,"href":"https:\/\/northcyprusestate.com\/tr\/wp-json\/wp\/v2\/pages\/10851\/revisions\/10885"}],"wp:attachment":[{"href":"https:\/\/northcyprusestate.com\/tr\/wp-json\/wp\/v2\/media?parent=10851"}],"curies":[{"name":"wp","href":"https:\/\/api.w.org\/{rel}","templated":true}]}}