{"id":10821,"date":"2022-06-01T09:27:36","date_gmt":"2022-06-01T09:27:36","guid":{"rendered":"https:\/\/northcyprusestate.com\/?page_id=10821"},"modified":"2022-06-02T07:38:22","modified_gmt":"2022-06-02T07:38:22","slug":"danismanlik","status":"publish","type":"page","link":"https:\/\/northcyprusestate.com\/tr\/danismanlik\/","title":{"rendered":"Dan\u0131\u015fmanl\u0131k"},"content":{"rendered":"\n<h2 class=\"wp-block-heading\">Dan\u0131\u015fmanl\u0131k<\/h2>\n\n\n\n<p>Emlak \u015firketimiz \u00f6zel hizmetlerde sunmaktad\u0131r.<\/p>\n\n\n\n<ul class=\"wp-block-list\"><li>Emlak Dan\u0131\u015fmanl\u0131\u011f\u0131<\/li><li>Yat\u0131r\u0131m Dan\u0131\u015fmanl\u0131\u011f\u0131<\/li><li>Finans Dan\u0131\u015fmanl\u0131\u011f\u0131<\/li><li>\u0130n\u015faat ve Dan\u0131\u015fmanl\u0131k<\/li><\/ul>\n","protected":false},"excerpt":{"rendered":"<p>Dan\u0131\u015fmanl\u0131k Emlak \u015firketimiz \u00f6zel hizmetlerde sunmaktad\u0131r. Emlak Dan\u0131\u015fmanl\u0131\u011f\u0131 Yat\u0131r\u0131m Dan\u0131\u015fmanl\u0131\u011f\u0131 Finans Dan\u0131\u015fmanl\u0131\u011f\u0131 \u0130n\u015faat ve Dan\u0131\u015fmanl\u0131k<\/p>\n","protected":false},"author":1,"featured_media":0,"parent":0,"menu_order":0,"comment_status":"closed","ping_status":"closed","template":"","meta":{"footnotes":""},"class_list":["post-10821","page","type-page","status-publish","hentry"],"_links":{"self":[{"href":"https:\/\/northcyprusestate.com\/tr\/wp-json\/wp\/v2\/pages\/10821","targetHints":{"allow":["GET"]}}],"collection":[{"href":"https:\/\/northcyprusestate.com\/tr\/wp-json\/wp\/v2\/pages"}],"about":[{"href":"https:\/\/northcyprusestate.com\/tr\/wp-json\/wp\/v2\/types\/page"}],"author":[{"embeddable":true,"href":"https:\/\/northcyprusestate.com\/tr\/wp-json\/wp\/v2\/users\/1"}],"replies":[{"embeddable":true,"href":"https:\/\/northcyprusestate.com\/tr\/wp-json\/wp\/v2\/comments?post=10821"}],"version-history":[{"count":2,"href":"https:\/\/northcyprusestate.com\/tr\/wp-json\/wp\/v2\/pages\/10821\/revisions"}],"predecessor-version":[{"id":10883,"href":"https:\/\/northcyprusestate.com\/tr\/wp-json\/wp\/v2\/pages\/10821\/revisions\/10883"}],"wp:attachment":[{"href":"https:\/\/northcyprusestate.com\/tr\/wp-json\/wp\/v2\/media?parent=10821"}],"curies":[{"name":"wp","href":"https:\/\/api.w.org\/{rel}","templated":true}]}}