{"id":10814,"date":"2022-06-01T09:23:56","date_gmt":"2022-06-01T09:23:56","guid":{"rendered":"https:\/\/northcyprusestate.com\/?page_id=10814"},"modified":"2022-06-02T07:35:34","modified_gmt":"2022-06-02T07:35:34","slug":"ilave-insaat","status":"publish","type":"page","link":"https:\/\/northcyprusestate.com\/tr\/ilave-insaat\/","title":{"rendered":"\u0130lave in\u015faat"},"content":{"rendered":"\n<h2 class=\"wp-block-heading\">\u0130lave in\u015faat<\/h2>\n\n\n\n<p>Grubumuz b\u00fcnyesinde bulunan ve grubumuzun en \u00f6nemli iki i\u015f kolundan birisi olan ilave ve tadilat i\u015fleri bizim i\u00e7in \u00f6zel \u00f6zen g\u00f6sterilmesi gereken i\u015flerin ba\u015f\u0131ndad\u0131r.<\/p>\n\n\n\n<p>Mevcut yap\u0131lar\u0131n ilave ve tamirat tadilat i\u015flerini kapsar.Ayni zamanda eski yap\u0131lar\u0131da profesyonel anlamda r\u00f6leve ve tamirat\u0131n\u0131\u2019da yapmaktay\u0131z.<\/p>\n\n\n\n<p>Mevcut yap\u0131n\u0131n (villa, konut, eski yap\u0131, daire, havuz, hamam vs) ilk olarak r\u00f6leve projesi olu\u015fturulur. Yap\u0131n\u0131n mimari geli\u015fimine ve ve yasal emirnameler kapsam\u0131nda ilave yap\u0131lacak mekanlar mal sahibinin iste\u011fine g\u00f6re tasarlanarak projelendirilir.<\/p>\n\n\n\n<p>\u0130lave in\u015faatlarada \u00f6ncelikli olarak mimari proje kapsam\u0131nda in\u015faat ruhsat\u0131 al\u0131narak ba\u015flanmaktad\u0131r.<\/p>\n\n\n\n<p>Nihayi olarak proje mal sahibi taraf\u0131ndan onayland\u0131ktan sonra, projede kullan\u0131lacak in\u015faat malzeme se\u00e7imi, ( seramik,pvc,ah\u015fap vs.) ger\u00e7ekle\u015ftirilerek malzeme se\u00e7imi yap\u0131l\u0131r. Proje b\u00fct\u00e7esi ortaya \u00e7\u0131kar. Proje b\u00fct\u00e7esinin mal sahibi taraf\u0131ndan onaylanmas\u0131na m\u00fcteakip, in\u015faat maliyeti \u00f6deme plan\u0131 olu\u015fturulur. \u0130n\u015faat \u015firketimiz ve mal sahibi aras\u0131nda kontrat yap\u0131l\u0131r.Ve i\u015fe ba\u015flan\u0131r.<\/p>\n\n\n\n<p>\u0130lave ve tadilat i\u015fleri \u00e7ok \u00f6zen g\u00f6sterilmesi gereken ve \u00f6zellikle yap\u0131da su,\u0131s\u0131 ve ses izolasyonlar\u0131n\u0131n ince ve a\u011f\u0131r bir i\u015f\u00e7ilik gerekti\u011fini ve mimarlar\u0131m\u0131z kontr\u00f6lunde yap\u0131ld\u0131\u011f\u0131n\u0131 bilmenizi isteriz.<\/p>\n\n\n\n<p>\u0130lave olarak \u015firketimiz b\u00fcnyesinde yap\u0131lan i\u015fleri kontrol ve denetim ama\u00e7l\u0131 kontrol onay raporu ,sa\u011flaml\u0131k raporu uygulamas\u0131 yapan d\u0131\u015f \u015firketlerdende onay almak suretiyle yap\u0131lan i\u015flerin garantisini daha rahat verebilmekteyiz.<\/p>\n\n\n\n<p>\u0130lave in\u015faat ve tadilat i\u015flerimizde K.K.T.C genelinde hizmet vermekteyiz. \u00d6zellikli olarak kuzey b\u00f6lgelerinde Lapta &#8211; Girne &#8211; Esentepe yerle\u015fim yerleri aras\u0131nda \u00e7ok say\u0131da ilave in\u015faat projesi uygulan\u0131p mal sahiplerine teslim edilmi\u015ftir.<\/p>\n","protected":false},"excerpt":{"rendered":"<p>\u0130lave in\u015faat Grubumuz b\u00fcnyesinde bulunan ve grubumuzun en \u00f6nemli iki i\u015f kolundan birisi olan ilave ve tadilat i\u015fleri bizim i\u00e7in \u00f6zel \u00f6zen g\u00f6sterilmesi gereken i\u015flerin ba\u015f\u0131ndad\u0131r. Mevcut yap\u0131lar\u0131n ilave ve tamirat tadilat i\u015flerini kapsar.Ayni zamanda eski yap\u0131lar\u0131da profesyonel anlamda r\u00f6leve ve tamirat\u0131n\u0131\u2019da yapmaktay\u0131z. Mevcut yap\u0131n\u0131n (villa, konut, eski yap\u0131, daire, havuz, hamam vs) ilk olarak&#8230;<\/p>\n","protected":false},"author":1,"featured_media":0,"parent":0,"menu_order":0,"comment_status":"closed","ping_status":"closed","template":"","meta":{"footnotes":""},"class_list":["post-10814","page","type-page","status-publish","hentry"],"_links":{"self":[{"href":"https:\/\/northcyprusestate.com\/tr\/wp-json\/wp\/v2\/pages\/10814","targetHints":{"allow":["GET"]}}],"collection":[{"href":"https:\/\/northcyprusestate.com\/tr\/wp-json\/wp\/v2\/pages"}],"about":[{"href":"https:\/\/northcyprusestate.com\/tr\/wp-json\/wp\/v2\/types\/page"}],"author":[{"embeddable":true,"href":"https:\/\/northcyprusestate.com\/tr\/wp-json\/wp\/v2\/users\/1"}],"replies":[{"embeddable":true,"href":"https:\/\/northcyprusestate.com\/tr\/wp-json\/wp\/v2\/comments?post=10814"}],"version-history":[{"count":2,"href":"https:\/\/northcyprusestate.com\/tr\/wp-json\/wp\/v2\/pages\/10814\/revisions"}],"predecessor-version":[{"id":10879,"href":"https:\/\/northcyprusestate.com\/tr\/wp-json\/wp\/v2\/pages\/10814\/revisions\/10879"}],"wp:attachment":[{"href":"https:\/\/northcyprusestate.com\/tr\/wp-json\/wp\/v2\/media?parent=10814"}],"curies":[{"name":"wp","href":"https:\/\/api.w.org\/{rel}","templated":true}]}}