{"id":10504,"date":"2022-05-26T14:32:30","date_gmt":"2022-05-26T14:32:30","guid":{"rendered":"https:\/\/northcyprusestate.com\/?page_id=10504"},"modified":"2022-05-26T14:36:00","modified_gmt":"2022-05-26T14:36:00","slug":"proje-ve-insaat-yapimi","status":"publish","type":"page","link":"https:\/\/northcyprusestate.com\/tr\/proje-ve-insaat-yapimi\/","title":{"rendered":"Proje ve \u0130n\u015faat yap\u0131m\u0131"},"content":{"rendered":"\n<h2 class=\"wp-block-heading\">Proje ve \u0130n\u015faat yap\u0131m\u0131<\/h2>\n\n\n\n<p>M\u00fc\u015fterilimizin, yat\u0131r\u0131mc\u0131lar\u0131m\u0131z\u0131n, uygun g\u00f6r\u00fclen arsa ve arazileri al\u0131m\u0131n\u0131 onaylad\u0131ktan sonra;<\/p>\n\n\n\n<p>Uygun arazinin tapu devir i\u015flemlerini bitirdikten sonra,<br>\u015eirketimiz b\u00fcnyesinde Proje tasar\u0131m\u0131 ve ugulama a\u015famas\u0131na ge\u00e7ilir.<\/p>\n\n\n\n<p>Arazinin ko\u00e7anlar\u0131 al\u0131nd\u0131ktan sonra , ilgili haritalar al\u0131narak mimara verilir.<br>\u0130stenilen proje ile ilgili I. toplant\u0131 yap\u0131l\u0131r. Avan proje \u00e7al\u0131\u015fmalar\u0131 ba\u015flat\u0131l\u0131r. Nihayi olarak \u00fc\u00e7 kritik daha yap\u0131larak proje tasar\u0131m a\u015famas\u0131 sonu\u00e7land\u0131r\u0131l\u0131r.Proje \u015eehir planlama dairesinden g\u00f6r\u00fc\u015f almak \u00fczere Mimari olarak tamamlan\u0131r.\u015eehir planlama dairesine sunulur.<\/p>\n\n\n\n<p>Buradan al\u0131nacak \u00f6n onay ile birlikte,Projenin geriye kalan k\u0131sm\u0131 olan Statik proje,mekanik proje ve elektrik projeleri, mimar\u0131n organizasyonunda yapt\u0131r\u0131l\u0131r. T\u00fcm Proje dosyalar\u0131 kendi M\u00fchendislik ve Mimar odalar\u0131ndan vizelenir.<\/p>\n\n\n\n<p>Olu\u015fturulan in\u015faat dosyas\u0131 b\u00f6lge kaymakaml\u0131\u011f\u0131na kay\u0131t yapt\u0131r\u0131l\u0131r.Bu dosya ilgili belediye ve di\u011fer resmi kurumlardan al\u0131nacak g\u00f6r\u00fc\u015flerden sonra,in\u015faat izni ruhsat\u0131 i\u00e7in gerekli hesaplamalar yap\u0131l\u0131r ve malsahibine veya mal sahibini temsil eden mimara bildirilir.<\/p>\n\n\n\n<p>\u0130n\u015faat izni i\u00e7in yap\u0131lan hesaplardan sonra ilgili kaymakaml\u0131\u011fa ve Belediyeye yap\u0131lan \u00f6demelerden sonra, in\u015faat izni Ruhsat\u0131 yaz\u0131l\u0131r ve bir adet dosya ile birlikte mal sahibine veya mimar\u0131na verilir.<\/p>\n\n\n\n<p>Bu noktada in\u015faat\u0131n yerinde ba\u015flamas\u0131 i\u00e7in hi\u00e7bir hukuki ve yasal engel kalmaz.<\/p>\n\n\n\n<p><strong>\u0130n\u015faat A\u015famas\u0131:<\/strong><br>Yap\u0131lan projelerden sonra mal sahibi ile yap\u0131lacak olan toplant\u0131lar planlan\u0131r ve in\u015faat nas\u0131l yap\u0131laca\u011f\u0131, s\u00fcresi ve maliyeti ile ilgili konular sonu\u00e7land\u0131ktan ve nihai s\u00f6zle\u015fme yap\u0131ld\u0131ktan sonra in\u015faat sahas\u0131nda in\u015faat ba\u015flar.<\/p>\n\n\n\n<p>\u015eirket olarak Projeler olu\u015fturulduktan sonra mal sahibi ile yap\u0131lan toplant\u0131lar neticesinde projede kullan\u0131lacak malzeme listeleri olu\u015fturulur. \u00d6rnek ; mermer,ah\u015fap i\u015fleri,pvc do\u011frama i\u015fleri,seramik vs. Detayl\u0131 olarak in\u015faat\u0131n t\u00fcm kalemleri belirlendikten sonra \u0130n\u015faat s\u00f6zle\u015fmesi haz\u0131rlan\u0131r.Ve \u00f6deme plan\u0131 mal sahibi ile birlikte olu\u015fturulur.<\/p>\n","protected":false},"excerpt":{"rendered":"<p>Proje ve \u0130n\u015faat yap\u0131m\u0131 M\u00fc\u015fterilimizin, yat\u0131r\u0131mc\u0131lar\u0131m\u0131z\u0131n, uygun g\u00f6r\u00fclen arsa ve arazileri al\u0131m\u0131n\u0131 onaylad\u0131ktan sonra; Uygun arazinin tapu devir i\u015flemlerini bitirdikten sonra,\u015eirketimiz b\u00fcnyesinde Proje tasar\u0131m\u0131 ve ugulama a\u015famas\u0131na ge\u00e7ilir. Arazinin ko\u00e7anlar\u0131 al\u0131nd\u0131ktan sonra , ilgili haritalar al\u0131narak mimara verilir.\u0130stenilen proje ile ilgili I. toplant\u0131 yap\u0131l\u0131r. Avan proje \u00e7al\u0131\u015fmalar\u0131 ba\u015flat\u0131l\u0131r. Nihayi olarak \u00fc\u00e7 kritik daha yap\u0131larak proje&#8230;<\/p>\n","protected":false},"author":1,"featured_media":0,"parent":0,"menu_order":0,"comment_status":"closed","ping_status":"closed","template":"","meta":{"footnotes":""},"class_list":["post-10504","page","type-page","status-publish","hentry"],"_links":{"self":[{"href":"https:\/\/northcyprusestate.com\/tr\/wp-json\/wp\/v2\/pages\/10504","targetHints":{"allow":["GET"]}}],"collection":[{"href":"https:\/\/northcyprusestate.com\/tr\/wp-json\/wp\/v2\/pages"}],"about":[{"href":"https:\/\/northcyprusestate.com\/tr\/wp-json\/wp\/v2\/types\/page"}],"author":[{"embeddable":true,"href":"https:\/\/northcyprusestate.com\/tr\/wp-json\/wp\/v2\/users\/1"}],"replies":[{"embeddable":true,"href":"https:\/\/northcyprusestate.com\/tr\/wp-json\/wp\/v2\/comments?post=10504"}],"version-history":[{"count":2,"href":"https:\/\/northcyprusestate.com\/tr\/wp-json\/wp\/v2\/pages\/10504\/revisions"}],"predecessor-version":[{"id":10506,"href":"https:\/\/northcyprusestate.com\/tr\/wp-json\/wp\/v2\/pages\/10504\/revisions\/10506"}],"wp:attachment":[{"href":"https:\/\/northcyprusestate.com\/tr\/wp-json\/wp\/v2\/media?parent=10504"}],"curies":[{"name":"wp","href":"https:\/\/api.w.org\/{rel}","templated":true}]}}