{"id":10495,"date":"2022-05-26T14:27:54","date_gmt":"2022-05-26T14:27:54","guid":{"rendered":"https:\/\/northcyprusestate.com\/?page_id=10495"},"modified":"2022-06-02T07:28:57","modified_gmt":"2022-06-02T07:28:57","slug":"purchasing-property","status":"publish","type":"page","link":"https:\/\/northcyprusestate.com\/tr\/purchasing-property\/","title":{"rendered":"Arazi &#038; Arsa Al\u0131m\u0131"},"content":{"rendered":"\n<h2 class=\"wp-block-heading\">Arazi &amp; Arsa Al\u0131m\u0131<\/h2>\n\n\n\n<p>Emlak firmam\u0131z arac\u0131l\u0131\u011f\u0131 ile arazi almak iste\u011finde olan al\u0131c\u0131lar ve potansiyel m\u00fc\u015fterilerimiz<br>Ofisimizde yapaca\u011f\u0131m\u0131z tan\u0131\u015fma toplant\u0131s\u0131ndan sonra, arazi veya arsa takdimi s\u00f6zle\u015fmesi imza edildikten sonra , kendilerine uygun olan arazi ve arsalar\u0131 g\u00f6sterilir.<\/p>\n\n\n\n<p>Daha sonra uygun olan arsa veya araziye karar verilir ve karar verildikten sonra Esentepe estate emlak acentesi yetkili avukatlar\u0131 aracal\u0131\u011f\u0131 ile ilgili arazinin tapu kay\u0131tlar\u0131 ara\u015ft\u0131rma belgesi al\u0131n\u0131r.Ve al\u0131c\u0131 ile sat\u0131c\u0131 aras\u0131ndaki s\u00f6zle\u015fme haz\u0131rland\u0131ktan sonra noter avukat nezaretinde bu s\u00f6zle\u015fme imza edilir. Arazi ile ilgili \u00f6denmesi gereken \u00f6n kaparo \u00f6denir.<\/p>\n\n\n\n<p>Araziye ait kocan ve\/ veya ko\u00e7anlar, tapu dairesine devir i\u015flemleri i\u00e7in verilir.<br>Bu i\u015flemlere de\u011ferlendirme ve ara\u015ft\u0131rma denir. Bu i\u015flemlerin neticelemmesinden sonra devir yap\u0131lmas\u0131 i\u00e7in al\u0131c\u0131 ve sat\u0131c\u0131 Tapu dairesinde devir i\u015flemleri i\u00e7in imza atmak \u00fczere haz\u0131r olurlar.<\/p>\n\n\n\n<p>\u0130mzalar at\u0131ld\u0131ktan sonra devir i\u015flemi fiilen sona ermi\u015ftir. Yeni tapu yaz\u0131lma i\u015flemi s\u00fcre\u00e7i ba\u015flar ve ilgili dosya ile bu i\u015flem avukatlar\u0131m\u0131z arac\u0131l\u0131\u011f\u0131 ile takip edilir ve yeni tapu (ko\u00e7an) al\u0131n\u0131r ve mal sahibine verilir.<\/p>\n\n\n\n<p>Tapu (ko\u00e7an) devir i\u015flerinin takibi ve sonu\u00e7land\u0131r\u0131lmas\u0131 North Cyprus Estate acentesi garantisi alt\u0131ndad\u0131r.<\/p>\n","protected":false},"excerpt":{"rendered":"<p>Arazi &amp; Arsa Al\u0131m\u0131 Emlak firmam\u0131z arac\u0131l\u0131\u011f\u0131 ile arazi almak iste\u011finde olan al\u0131c\u0131lar ve potansiyel m\u00fc\u015fterilerimizOfisimizde yapaca\u011f\u0131m\u0131z tan\u0131\u015fma toplant\u0131s\u0131ndan sonra, arazi veya arsa takdimi s\u00f6zle\u015fmesi imza edildikten sonra , kendilerine uygun olan arazi ve arsalar\u0131 g\u00f6sterilir. Daha sonra uygun olan arsa veya araziye karar verilir ve karar verildikten sonra Esentepe estate emlak acentesi yetkili avukatlar\u0131&#8230;<\/p>\n","protected":false},"author":1,"featured_media":0,"parent":0,"menu_order":0,"comment_status":"closed","ping_status":"closed","template":"","meta":{"footnotes":""},"class_list":["post-10495","page","type-page","status-publish","hentry"],"_links":{"self":[{"href":"https:\/\/northcyprusestate.com\/tr\/wp-json\/wp\/v2\/pages\/10495","targetHints":{"allow":["GET"]}}],"collection":[{"href":"https:\/\/northcyprusestate.com\/tr\/wp-json\/wp\/v2\/pages"}],"about":[{"href":"https:\/\/northcyprusestate.com\/tr\/wp-json\/wp\/v2\/types\/page"}],"author":[{"embeddable":true,"href":"https:\/\/northcyprusestate.com\/tr\/wp-json\/wp\/v2\/users\/1"}],"replies":[{"embeddable":true,"href":"https:\/\/northcyprusestate.com\/tr\/wp-json\/wp\/v2\/comments?post=10495"}],"version-history":[{"count":2,"href":"https:\/\/northcyprusestate.com\/tr\/wp-json\/wp\/v2\/pages\/10495\/revisions"}],"predecessor-version":[{"id":10497,"href":"https:\/\/northcyprusestate.com\/tr\/wp-json\/wp\/v2\/pages\/10495\/revisions\/10497"}],"wp:attachment":[{"href":"https:\/\/northcyprusestate.com\/tr\/wp-json\/wp\/v2\/media?parent=10495"}],"curies":[{"name":"wp","href":"https:\/\/api.w.org\/{rel}","templated":true}]}}